{"id":79,"date":"2017-08-24T15:24:01","date_gmt":"2017-08-24T13:24:01","guid":{"rendered":"http:\/\/horstbizz.nl\/wordpress\/?page_id=79"},"modified":"2021-01-31T09:24:16","modified_gmt":"2021-01-31T08:24:16","slug":"meubels","status":"publish","type":"page","link":"https:\/\/horstbizz.nl\/?page_id=79","title":{"rendered":"Meubels"},"content":{"rendered":"<table border=\"0\" width=\"68%\" cellspacing=\"0\" cellpadding=\"4\">\n<tbody>\n<tr>\n<td colspan=\"2\" align=\"center\" valign=\"top\">\n<p align=\"left\"><strong> <span style=\"font-family: Calibri;\">Een van de specialiteiten van HorstBizz is de productie van meubels in Polen, Roemeni\u00eb en Bulgarije.\u00a0 Wij doen dit reeds voor verschillende Nederlandse klanten. Soms zijn het complete producten, zoals de wandmeubelen; maar in veel gevallen zijn het ook onderdelen van producten zoals de beuken en roestvaststalen frames, die vervolgens in Nederland van een stoffering worden voorzien. Hierdoor ontstaat voor de producenten een flexibele en goedkope organisatie vorm. Ook laten wij Badkamermeubels en Televisie meubels maken voor onze klanten.<br \/>\nWij vertegenwoordigen momenteel verschillende producenten . <\/span><\/strong><\/p>\n<\/td>\n<\/tr>\n<tr>\n<td align=\"center\" valign=\"top\"><span style=\"font-family: Calibri;\"> <img loading=\"lazy\" src=\"http:\/\/horstbizz.nl\/afb\/005.jpg\" width=\"630\" height=\"257\" border=\"0\" \/><\/span><\/td>\n<td class=\"style6\" align=\"center\" valign=\"top\"><img loading=\"lazy\" src=\"http:\/\/horstbizz.nl\/afb\/wandmeubel01.JPG\" alt=\"wandmeubel\" width=\"299\" height=\"279\" \/><\/td>\n<\/tr>\n<tr>\n<td align=\"center\" valign=\"top\">\n<p align=\"left\"><span style=\"font-family: Calibri;\">Bovenstaand twee voorbeelden van producenten die hun meubels te koop aan bieden. Ze zoeken nieuwe afzetkanalen voor hun producten. Deze producten worden reeds naar Itali\u00eb en Scandinavi\u00eb ge\u00ebxporteerd.<\/span><\/p>\n<\/td>\n<td align=\"center\" valign=\"top\">\n<p class=\"style1\" align=\"left\">Custom made wandmeubelen, tot op de mm naar uw wensen uitgevoerd, kunnen direct via HorstBizz worden bestelt.<\/p>\n<\/td>\n<\/tr>\n<tr>\n<td align=\"center\" valign=\"top\"><span style=\"font-family: Calibri;\"> <img loading=\"lazy\" src=\"http:\/\/horstbizz.nl\/afb\/stoel005.jpg\" width=\"176\" height=\"119\" border=\"0\" \/><span lang=\"en-us\">\u00a0<\/span><img loading=\"lazy\" src=\"http:\/\/horstbizz.nl\/afb\/stoel006.jpg\" width=\"183\" height=\"118\" border=\"0\" \/> <img loading=\"lazy\" src=\"http:\/\/horstbizz.nl\/afb\/stoel007.jpg\" width=\"182\" height=\"118\" border=\"0\" \/><\/span><\/td>\n<td rowspan=\"2\" align=\"center\" valign=\"top\"><span style=\"font-family: Calibri;\"> <img loading=\"lazy\" src=\"http:\/\/horstbizz.nl\/afb\/098.jpg\" width=\"310\" height=\"259\" border=\"0\" \/><br \/>\n<\/span><\/td>\n<\/tr>\n<tr>\n<td class=\"style8\" valign=\"top\">Voor enkele Nederlandse bedrijven laten wij beuken houten frames maken die worden voorzien van polyether en stoffering in Nederland. Daarnaast kunnen wij ook complete meubelen aanbieden zoals de onderstaande design stoel. In Polen zijn er momenteel 4 bedrijven die hun producten aanbieden voor verkoop in Nederland Belgi\u00eb. Daarnaast hebben wij ook diverse kastenmakers in Roemeni\u00eb.<\/td>\n<\/tr>\n<tr>\n<td align=\"center\" valign=\"top\"><img loading=\"lazy\" src=\"http:\/\/horstbizz.nl\/afb\/emp-n002_min.jpg\" alt=\"HorstBizz designstoel2\" width=\"362\" height=\"440\" \/><\/td>\n<td class=\"style2\" valign=\"top\"><img loading=\"lazy\" src=\"http:\/\/horstbizz.nl\/afb\/emp-n004_min.jpg\" alt=\"HorstBizz Designstoel2\" width=\"256\" height=\"438\" \/><\/td>\n<\/tr>\n<tr>\n<td align=\"center\" valign=\"top\">\n<p align=\"left\"><strong> <span style=\"font-family: Calibri;\">Summary: De laatste jaren hebben wij de volgende producten in Polen, Bulgarije en Roemeni\u00eb laten fabriceren voor Nederlandse en Belgische klanten<span lang=\"en-us\">:<\/span><\/span><\/strong><\/p>\n<p align=\"left\"><strong> <span style=\"font-family: Calibri;\">Keukens,<\/span><\/strong><span style=\"font-family: Calibri;\"><strong> Wandmeubelen<\/strong>, <\/span><strong> <span style=\"font-family: Calibri;\">Badkamermeubels,<br \/>\nProducten van grenen planken, al dan niet ge\u00efmpregneerd,<br \/>\nBuiten meubilair, <\/span><\/strong><span lang=\"nl\"> <strong> <span style=\"font-family: Calibri;\">Tuinmeubilair, Schommelbanken, <\/span><\/strong><span style=\"font-family: Calibri;\"> <strong>St<\/strong><\/span><\/span><span style=\"font-family: Calibri;\"><strong>r<span lang=\"nl\">andstoelen in duo zit, <\/span><\/strong><\/span><span lang=\"nl\"> <span style=\"font-family: Calibri;\"> <strong><br \/>\nKlein meubilair<\/strong><\/span><\/span><span style=\"font-family: Calibri;\"><strong> uit grenen, eiken en beuken<span lang=\"nl\">, <\/span><\/strong><\/span> <span lang=\"nl\"><strong> <span style=\"font-family: Calibri;\">houten flessenhulzen, assortimentsdozen voor horloges,<\/span><\/strong><span style=\"font-family: Calibri;\"> <strong>beuken frames voor kwaliteitsbanken,<\/strong> <\/span><strong> <span style=\"font-family: Calibri;\">beuken frames voor fauteuils, vlonders voor winkelpresentaties,<\/span><\/strong> <strong> <span style=\"font-family: Calibri;\">houten displays<\/span><\/strong> <strong> <span style=\"font-family: Calibri;\">Roestvaststalen barkrukken en &#8216;hockers&#8217;<\/span><\/strong><\/span><span style=\"font-family: Calibri;\"> , <strong>Roestvaststalen kantoormeubilair, <\/strong><\/span><strong> <span style=\"font-family: Calibri;\">Bedbanken<\/span><\/strong><\/p>\n<\/td>\n<td class=\"style2\" valign=\"top\"><span style=\"font-family: Calibri;\">Een van de producenten is een IKEA producent die nu ook andere afnemers kan leveren.<\/span><\/td>\n<\/tr>\n<tr>\n<td colspan=\"2\" align=\"center\" valign=\"top\">\n<p align=\"left\"><strong> <span style=\"font-family: Calibri;\"> Opmerkelijk: Wij werken ook voor Nederlandse stoffeerbedrijven die zelf in Polen productie faciliteiten hebben. Omdat onze afnemers in de meeste gevallen niet willen dat wij hun producten laten zien, waarvoor alle begrip, kunnen wij u helaas slechts een beperkt aantal producten tonen.<\/span><\/strong><\/p>\n<\/td>\n<\/tr>\n<tr>\n<td colspan=\"2\" align=\"center\" valign=\"top\">\n<p align=\"left\"><span style=\"font-family: Calibri;\">Tevens hebben wij in 2010 contact gekregen met een Roemeense fabrikant van hoogwaardige eiken meubelen. De producent combineert echt vakmanschap met zeer redelijke prijzen.<\/span><\/p>\n<\/td>\n<\/tr>\n<tr>\n<td class=\"style7\" colspan=\"2\" valign=\"top\"><img loading=\"lazy\" src=\"http:\/\/horstbizz.nl\/afb\/openhaardLCDmeubelS.JPG\" alt=\"LCD meubel met open haard\" width=\"425\" height=\"319\" \/><span class=\"style9\">Voor een Nederlandse specialist produceren wij custom made kasten met een imitatie open haard. <\/span><\/td>\n<\/tr>\n<\/tbody>\n<\/table>\n","protected":false},"excerpt":{"rendered":"<div class=\"slide-text-bg2\"><span>Een van de specialiteiten van HorstBizz is de productie van meubels in Polen, Roemeni\u00eb en Bulgarije.\u00a0 Wij doen dit reeds voor verschillende Nederlandse k<\/span><\/div>\n<div class=\"slide-btn-area-sm\"><a href=\"https:\/\/horstbizz.nl\/?page_id=79\" class=\"slide-btn-sm\">Meer lezen<\/a><\/div>\n","protected":false},"author":1,"featured_media":0,"parent":0,"menu_order":0,"comment_status":"closed","ping_status":"closed","template":"fullwidth.php","meta":[],"_links":{"self":[{"href":"https:\/\/horstbizz.nl\/index.php?rest_route=\/wp\/v2\/pages\/79"}],"collection":[{"href":"https:\/\/horstbizz.nl\/index.php?rest_route=\/wp\/v2\/pages"}],"about":[{"href":"https:\/\/horstbizz.nl\/index.php?rest_route=\/wp\/v2\/types\/page"}],"author":[{"embeddable":true,"href":"https:\/\/horstbizz.nl\/index.php?rest_route=\/wp\/v2\/users\/1"}],"replies":[{"embeddable":true,"href":"https:\/\/horstbizz.nl\/index.php?rest_route=%2Fwp%2Fv2%2Fcomments&post=79"}],"version-history":[{"count":4,"href":"https:\/\/horstbizz.nl\/index.php?rest_route=\/wp\/v2\/pages\/79\/revisions"}],"predecessor-version":[{"id":121,"href":"https:\/\/horstbizz.nl\/index.php?rest_route=\/wp\/v2\/pages\/79\/revisions\/121"}],"wp:attachment":[{"href":"https:\/\/horstbizz.nl\/index.php?rest_route=%2Fwp%2Fv2%2Fmedia&parent=79"}],"curies":[{"name":"wp","href":"https:\/\/api.w.org\/{rel}","templated":true}]}}